{"id":1660,"date":"2025-06-23T16:13:28","date_gmt":"2025-06-23T14:13:28","guid":{"rendered":"https:\/\/www.feuerwerk-hannover.de\/?page_id=1660"},"modified":"2025-06-23T16:14:16","modified_gmt":"2025-06-23T14:14:16","slug":"erklaerung-zur-barrierefreiheit","status":"publish","type":"page","link":"https:\/\/www.feuerwerk-hannover.de\/en\/erklaerung-zur-barrierefreiheit\/","title":{"rendered":"Declaration on accessibility"},"content":{"rendered":"<div data-elementor-type=\"wp-page\" data-elementor-id=\"1660\" class=\"elementor elementor-1660\" data-elementor-post-type=\"page\">\n\t\t\t\t<div class=\"elementor-element elementor-element-7ee3843 e-flex e-con-boxed e-con e-parent\" data-id=\"7ee3843\" data-element_type=\"container\" data-e-type=\"container\">\n\t\t\t\t\t<div class=\"e-con-inner\">\n\t\t\t\t<div class=\"elementor-element elementor-element-bc8397b elementor-widget elementor-widget-heading\" data-id=\"bc8397b\" data-element_type=\"widget\" data-e-type=\"widget\" data-widget_type=\"heading.default\">\n\t\t\t\t<div class=\"elementor-widget-container\">\n\t\t\t\t\t<h1 class=\"elementor-heading-title elementor-size-default\">Declaration on accessibility<\/h1>\t\t\t\t<\/div>\n\t\t\t\t<\/div>\n\t\t\t\t<div class=\"elementor-element elementor-element-45e017f elementor-widget elementor-widget-text-editor\" data-id=\"45e017f\" data-element_type=\"widget\" data-e-type=\"widget\" data-widget_type=\"text-editor.default\">\n\t\t\t\t<div class=\"elementor-widget-container\">\n\t\t\t\t\t\t\t\t\t<ol>\n \t<li><strong> Scope of application<\/strong><\/li>\n<\/ol>\n<p style=\"padding-left: 40px;\">This declaration on accessibility applies to the website of the:\n<strong>Hannover Veranstaltungs GmbH<\/strong>\n<a href=\"http:\/\/www.hannover-living.de\">www.maschseefest.de<\/a> \/ <a href=\"http:\/\/www.hannover-tourismus.de\">www.feuerwerk-hannover.de<\/a><\/p>\n\n<ol start=\"2\">\n \t<li><strong> Legal basis<\/strong><\/li>\n<\/ol>\n<p style=\"padding-left: 40px;\">This website endeavours to maintain its web presence in accordance with the <strong>Accessibility Reinforcement Act (BFSG)<\/strong> and the <strong>Barrier-free Information Technology Ordinance (BITV 2.0)<\/strong> barrier-free accessibility.<\/p>\n\n<ol start=\"3\">\n \t<li><strong> Status of compatibility with the requirements<\/strong><\/li>\n<\/ol>\n<p style=\"padding-left: 40px;\">This website is <strong>Partly barrier-free<\/strong>. The requirements of BITV 2.0 are partially fulfilled.<\/p>\n\n<ol start=\"4\">\n \t<li><strong> Methodology of the audit<\/strong><\/li>\n<\/ol>\n<p style=\"padding-left: 40px;\">The accessibility check was carried out as part of a <strong>Self-assessment<\/strong> by the HMTG. Individual elements were randomly checked using technical testing tools. A comprehensive external audit is currently being planned.<\/p>\n\n<ol start=\"5\">\n \t<li><strong> Non-accessible content<\/strong><\/li>\n<\/ol>\n<p style=\"padding-left: 40px;\">Some areas are currently still <strong>Not completely barrier-free<\/strong>:<\/p>\n\n<ul>\n \t<li style=\"list-style-type: none;\">\n<ul>\n \t<li><strong>PDF documents and embedded media:<\/strong> Some older PDF files are not barrier-free. Embedded videos also do not always have subtitles or audio descriptions.<\/li>\n \t<li><strong>Alternative texts:<\/strong> Images, especially in older articles, sometimes do not have sufficient alternative texts.<\/li>\n \t<li><strong>Contrasts &amp; keyboard navigation:<\/strong> Certain navigation and design elements do not yet have sufficient contrast throughout or are not fully accessible via the keyboard.<\/li>\n<\/ul>\n<\/li>\n<\/ul>\n<p style=\"padding-left: 40px;\"><strong>Planned measures:<\/strong><\/p>\n\n<ul>\n \t<li style=\"list-style-type: none;\">\n<ul>\n \t<li>Step-by-step revision of PDFs and image content.<\/li>\n \t<li>Optimisation of colour contrasts and navigation.<\/li>\n \t<li>Integration of accessible multimedia elements.<\/li>\n<\/ul>\n<\/li>\n<\/ul>\n<p style=\"padding-left: 40px;\"><strong>\u00a0<\/strong><\/p>\n\n<ol start=\"6\">\n \t<li><strong> Barrier-free alternatives<\/strong><\/li>\n<\/ol>\n<p style=\"padding-left: 40px;\">For non-accessible content, we offer on request <strong>Alternative accessible formats<\/strong> (e.g. accessible PDFs or text-based information). Please use the contact option below.<\/p>\n\n<ol start=\"7\">\n \t<li><strong> Preparation of the declaration<\/strong><\/li>\n<\/ol>\n<p style=\"padding-left: 40px;\">This declaration was issued on <strong>23 June 2025<\/strong> created and last updated on <strong>23 June 2025<\/strong> updated.<\/p>\n\n<ol start=\"8\">\n \t<li><strong> Feedback and contact<\/strong><\/li>\n<\/ol>\n<p style=\"padding-left: 40px;\">If you notice any deficiencies with regard to the barrier-free design of our website or if you require information on content that is not barrier-free, please do not hesitate to contact us:<\/p>\n<p style=\"padding-left: 40px;\"><strong>Hannover Veranstaltungs GmbH<\/strong>\nVahrenwalder Street 7\n30165 Hanover\nE-Mail: <a href=\"mailto:maschseefest@hvg-events.de\">maschseefest@hvg-events.de<\/a>\nPhone: +49 (0)511 12345-0<\/p>\n\n<ol start=\"9\">\n \t<li><strong> Enforcement proceedings<\/strong><\/li>\n<\/ol>\n<p style=\"padding-left: 40px;\">If you do not receive a satisfactory response to an accessibility enquiry about this website, you are welcome to contact the relevant enforcement body:<\/p>\n<p style=\"padding-left: 40px;\"><strong>State Commissioner for Digital Accessibility Lower Saxony<\/strong>\nLower Saxony Ministry of the Interior and Sport\nHanna-Arendt-Platz 2\n30159 Hanover\nE-Mail: <a href=\"mailto:digitale-barrierefreiheit@mi.niedersachsen.de\">digitale-barrierefreiheit@mi.niedersachsen.de<\/a>\nPhone: +49 (0)511 120-0\nWebsite: <a href=\"https:\/\/www.mi.niedersachsen.de\">www.mi.niedersachsen.de<\/a><\/p>\t\t\t\t\t\t\t\t<\/div>\n\t\t\t\t<\/div>\n\t\t\t\t\t<\/div>\n\t\t\t\t<\/div>\n\t\t\t\t<\/div>","protected":false},"excerpt":{"rendered":"<p>Erkl\u00e4rung zur Barrierefreiheit Geltungsbereich Diese Erkl\u00e4rung zur Barrierefreiheit gilt f\u00fcr den Webauftritt der: Hannover Veranstaltungs GmbH www.maschseefest.de \/ www.feuerwerk-hannover.de Rechtsgrundlagen Diese Website ist bem\u00fcht, ihren Webauftritt im Einklang mit dem Barrierefreiheitsst\u00e4rkungsgesetz (BFSG) und der Barrierefreie-Informationstechnik-Verordnung (BITV 2.0) barrierefrei zug\u00e4nglich zu machen. Stand der Vereinbarkeit mit den Anforderungen Dieser Webauftritt ist teilweise barrierefrei. Die Anforderungen der [&hellip;]<\/p>\n","protected":false},"author":1,"featured_media":0,"parent":0,"menu_order":0,"comment_status":"closed","ping_status":"closed","template":"","meta":{"footnotes":""},"class_list":["post-1660","page","type-page","status-publish","hentry"],"_links":{"self":[{"href":"https:\/\/www.feuerwerk-hannover.de\/en\/wp-json\/wp\/v2\/pages\/1660","targetHints":{"allow":["GET"]}}],"collection":[{"href":"https:\/\/www.feuerwerk-hannover.de\/en\/wp-json\/wp\/v2\/pages"}],"about":[{"href":"https:\/\/www.feuerwerk-hannover.de\/en\/wp-json\/wp\/v2\/types\/page"}],"author":[{"embeddable":true,"href":"https:\/\/www.feuerwerk-hannover.de\/en\/wp-json\/wp\/v2\/users\/1"}],"replies":[{"embeddable":true,"href":"https:\/\/www.feuerwerk-hannover.de\/en\/wp-json\/wp\/v2\/comments?post=1660"}],"version-history":[{"count":3,"href":"https:\/\/www.feuerwerk-hannover.de\/en\/wp-json\/wp\/v2\/pages\/1660\/revisions"}],"predecessor-version":[{"id":1663,"href":"https:\/\/www.feuerwerk-hannover.de\/en\/wp-json\/wp\/v2\/pages\/1660\/revisions\/1663"}],"wp:attachment":[{"href":"https:\/\/www.feuerwerk-hannover.de\/en\/wp-json\/wp\/v2\/media?parent=1660"}],"curies":[{"name":"wp","href":"https:\/\/api.w.org\/{rel}","templated":true}]}}